{"id":48,"date":"2021-08-23T19:01:10","date_gmt":"2021-08-23T22:01:10","guid":{"rendered":"https:\/\/vipserv.com.br\/?page_id=48"},"modified":"2021-11-12T11:55:22","modified_gmt":"2021-11-12T14:55:22","slug":"mesmerize","status":"publish","type":"page","link":"https:\/\/vipserv.com.br\/","title":{"rendered":"Front Page"},"content":{"rendered":"<div  id=\"features-10\" style=\"background-color: #ffffff;\" data-label=\"Features\" data-id=\"features-16-card-bordered\" data-export-id=\"features-16-card-bordered\" data-category=\"features\" class=\"features-16-card-bordered content-section content-section-spacing\"><div  class=\"gridContainer\"> <div  class=\"row text-center\"><div  class=\"section-title-col\" data-type=\"column\"> <h2  class=\"\">Empresas Parceiras<\/h2> <p  class=\"lead\">Empresas onde nossos associados ter\u00e3o descontos especiais, formas de pagamento diferenciada e an\u00e1lise de credito pr\u00e9 liberada, al\u00e9m de uma tabela totalmente especial.<\/p><\/div> <\/div> <div  class=\"row spaced-cols\" data-type=\"row\"> <div  class=\"col-xs-12 col-sm-6 col-md-4\"> <div  class=\"card no-padding bordered y-move\"> <img decoding=\"async\"  class=\"face\" src=\"http:\/\/vipserv.com.br\/wp-content\/uploads\/2021\/10\/cropped-logo-maxcabos-2.png\" title=\"cropped-logo-maxcabos-2.png\" alt=\"\"> <div  data-type=\"column\" class=\"col-padding-small col-padding-small-xs description-container\"> <h4  class=\"font-500\">FullCabos \u2013 Condutores El\u00e9tricos<\/h4> <p  class=\"\">Cabos para toda obra.<\/p><\/div> <div  data-type=\"column\" class=\"col-padding-small col-padding-small-xs read-more-container\"><a class=\"read-more\" href=\"#\" target=\"_self\" data-cp-link=\"1\" rel=\"noopener\">Saiba mais..<\/a><\/div> <\/div><\/div> <div  class=\"col-xs-12 col-sm-6 col-md-4\"><div  class=\"card no-padding bordered y-move\"> <img decoding=\"async\"  class=\"face\" src=\"http:\/\/vipserv.com.br\/wp-content\/uploads\/2021\/10\/cropped-Sanifix.png\" title=\"cropped-Sanifix.png\" alt=\"\"> <div  data-type=\"column\" class=\"col-padding-small col-padding-small-xs description-container\"> <h4  class=\"font-500\">Responsive Design<\/h4> <p  class=\"\">Pensou em facilidade, pensou Sanifix, solu\u00e7\u00f5es inivadoras para sua obra.\n<br >Portas Sanfonadas, solu\u00e7\u00f5es hidr\u00e1ulicas, forros em PVC, tudo para sua obra.<\/p><\/div> <div  data-type=\"column\" class=\"col-padding-small col-padding-small-xs read-more-container\"><a class=\"read-more\" href=\"#\" target=\"_self\" data-cp-link=\"1\" rel=\"noopener\">Saiba mais..<\/a><\/div> <\/div><\/div> <div  class=\"col-xs-12 col-sm-6 col-md-4\"><div  class=\"card no-padding bordered y-move\"> <img decoding=\"async\"  class=\"face\" src=\"http:\/\/vipserv.com.br\/wp-content\/uploads\/2021\/10\/cropped-Art.png\" title=\"cropped-Art.png\" alt=\"\"> <div  data-type=\"column\" class=\"col-padding-small col-padding-small-xs description-container\"> <h4  class=\"font-500\">Ambiente e Decora\u00e7\u00f5es<\/h4> <p  class=\"\">A ArtFactory nasceu em 2018, com o intuito de levar carinho em cada canto do pa\u00eds, acreditamos que decorar \u00e9 uma forma de se expressar e a cima de tudo, expor sua personalidade.<\/p><\/div> <div  data-type=\"column\" class=\"col-padding-small col-padding-small-xs read-more-container\"><a class=\"read-more\" href=\"#\" target=\"_self\" data-cp-link=\"1\" rel=\"noopener\">Saiba mais..<\/a><\/div> <\/div><\/div> <\/div><\/div> <\/div><div  id=\"content-13\" style=\"background-color: #f5fafd;\" data-label=\"Content\" data-id=\"content-2\" data-export-id=\"content-2\" data-category=\"content\" class=\"content-2 content-section content-section-spacing\"><div > <div  class=\"row middle-xs\"><div  class=\"col-sm-5 bg-image shadow-large-black\" data-bg=\"image\" style=\"background-image: url(&quot;http:\/\/vipserv.com.br\/wp-content\/uploads\/2021\/11\/cropped-Imagem-6.jpg&quot;);\"><\/div> <div  class=\"col-sm-7 full-col-left-padding full-col-right-padding\"> <div  class=\"row\"> <div  data-type=\"column\" class=\"space-bottom-small content-title-col\"> <h5  class=\"\">SAIBA POR QUE SE TORNAR VIPSERV<\/h5> <h2  class=\"\">Vantagens de ser ViP<\/h2> <p  class=\"\">Lorem ipsum dolor sit amet, consectetur adipisicing elit, sed do eiusmod tempor incididunt ut labore et dolore magna aliqua. Ut enim ad minim veniam, quis nostrud exercitation ullamco laboris nisi ut aliquip ex ea commodo consequat.<\/p><\/div> <\/div> <div  class=\"row spaced-cols \" data-type=\"row\"> <div  class=\"col-xs-6\" data-type=\"column\"> <h5  class=\"\">TABELA DE PRE\u00c7OS DIFERENCIADA<\/h5> <p  class=\"\">Lorem ipsum dolor sit amet, consectetur adipisicing elit.<\/p><\/div> <div  class=\"col-xs-6\" data-type=\"column\"><h5  class=\"\">VENDA A PRAZO COM TAXAS DIFERENCIADAS<\/h5> <p  class=\"\">Lorem ipsum dolor sit amet, consectetur adipisicing elit.<\/p><\/div> <div  class=\"col-xs-6\" data-type=\"column\"><h5  class=\"\">GARANTIA DE CR\u00c9DITO PARA SUA LOJA<\/h5> <p  class=\"\">Lorem ipsum dolor sit amet, consectetur adipisicing elit.<\/p><\/div> <div  class=\"col-xs-6\" data-type=\"column\"><h5  class=\"\">DIFERENCIADA FORMA DE PAGAMENTO<\/h5> <p  class=\"\">Lorem ipsum dolor sit amet, consectetur adipisicing elit.<\/p><\/div> <\/div><\/div> <\/div><\/div> <\/div><div  id=\"portfolio-3\" style=\"background-color: #f5fafd;\" data-label=\"Portfolio\" data-id=\"portfolio-4\" data-export-id=\"portfolio-4\" data-category=\"portfolio\" class=\"portfolio-4 content-section content-section-spacing-top\"><div  class=\"\"> <div  class=\"row text-center\"><div  class=\"section-title-col\" data-type=\"column\"> <h2  class=\"\">Mix de Produtos<\/h2> <p  class=\"lead\">Alguns de nossos in\u00fameros produtos de nossos parceiros comerciais (fornecedores)&nbsp;<\/p><\/div> <\/div> <div  data-type=\"row\" class=\"row\" data-fixed=\"true\"> <div  class=\"col-xs-12 col-sm-3 no-gutter-col\"> <div  class=\"contentswap-effect\" data-hover-fx=\"portfolio-4\"> <div  class=\"initial-image\"> <img decoding=\"async\"  data-size=\"542x360\" src=\"http:\/\/vipserv.com.br\/wp-content\/uploads\/2021\/11\/cropped-Sanifix-4.jpg\"><\/div> <div  class=\"overlay bg-color1\"><\/div> <div  class=\"swap-inner col-xs-12\"> <div  class=\"row full-height-row middle-xs middle-sm\"> <div  class=\"col-xs-12 text-center content-holder\"> <a href=\"#\" target=\"_self\" rel=\"noopener\"><i  class=\"fa icon portfolio-icon fa-search big\" aria-hidden=\"true\"><\/i><\/a><\/div> <\/div><\/div> <\/div><\/div> <div  class=\"col-xs-12 col-sm-3 no-gutter-col\"><div  class=\"contentswap-effect\" data-hover-fx=\"portfolio-4\"> <div  class=\"initial-image\"> <img decoding=\"async\"  data-size=\"542x360\" src=\"http:\/\/vipserv.com.br\/wp-content\/uploads\/2021\/11\/cropped-Sanifix-5.jpg\"><\/div> <div  class=\"overlay bg-color1\"><\/div> <div  class=\"swap-inner col-xs-12\"> <div  class=\"row full-height-row middle-xs middle-sm\"> <div  class=\"col-xs-12 text-center content-holder\"> <a href=\"#\" target=\"_self\" rel=\"noopener\"><i  class=\"fa icon portfolio-icon fa-search big\" aria-hidden=\"true\"><\/i><\/a><\/div> <\/div><\/div> <\/div><\/div> <div  class=\"col-xs-12 col-sm-3 no-gutter-col\"><div  class=\"contentswap-effect\" data-hover-fx=\"portfolio-4\"> <div  class=\"initial-image\"> <img decoding=\"async\"  data-size=\"542x360\" src=\"http:\/\/vipserv.com.br\/wp-content\/uploads\/2021\/11\/cropped-Sanifix-3.jpg\"><\/div> <div  class=\"overlay bg-color1\"><\/div> <div  class=\"swap-inner col-xs-12\"> <div  class=\"row full-height-row middle-xs middle-sm\"> <div  class=\"col-xs-12 text-center content-holder\"> <a href=\"#\" target=\"_self\" rel=\"noopener\"><i  class=\"fa icon portfolio-icon fa-search big\" aria-hidden=\"true\"><\/i><\/a><\/div> <\/div><\/div> <\/div><\/div> <div  class=\"col-xs-12 col-sm-3 no-gutter-col\"><div  class=\"contentswap-effect\" data-hover-fx=\"portfolio-4\"> <div  class=\"initial-image\"> <img decoding=\"async\"  data-size=\"542x360\" src=\"http:\/\/vipserv.com.br\/wp-content\/uploads\/2021\/11\/cropped-Sanifix-1.jpg\"><\/div> <div  class=\"overlay bg-color1\"><\/div> <div  class=\"swap-inner col-xs-12\"> <div  class=\"row full-height-row middle-xs middle-sm\"> <div  class=\"col-xs-12 text-center content-holder\"> <a href=\"#\" target=\"_self\" rel=\"noopener\"><i  class=\"fa icon portfolio-icon fa-search big\" aria-hidden=\"true\"><\/i><\/a><\/div> <\/div><\/div> <\/div><\/div> <div  class=\"col-xs-12 col-sm-3 no-gutter-col\"><div  class=\"contentswap-effect\" data-hover-fx=\"portfolio-4\"> <div  class=\"initial-image\"> <img decoding=\"async\"  data-size=\"542x360\" src=\"http:\/\/vipserv.com.br\/wp-content\/uploads\/2021\/11\/cropped-Fios-e-Cabos.jpg\"><\/div> <div  class=\"overlay bg-color1\"><\/div> <div  class=\"swap-inner col-xs-12\"> <div  class=\"row full-height-row middle-xs middle-sm\"> <div  class=\"col-xs-12 text-center content-holder\"> <a href=\"#\" target=\"_self\" rel=\"noopener\"><i  class=\"fa icon portfolio-icon fa-search big\" aria-hidden=\"true\"><\/i><\/a><\/div> <\/div><\/div> <\/div><\/div> <div  class=\"col-xs-12 col-sm-3 no-gutter-col\"><div  class=\"contentswap-effect\" data-hover-fx=\"portfolio-4\"> <div  class=\"initial-image\"> <img decoding=\"async\"  data-size=\"542x360\" src=\"http:\/\/vipserv.com.br\/wp-content\/uploads\/2021\/11\/cropped-Sanifix-2.jpg\"><\/div> <div  class=\"overlay bg-color1\"><\/div> <div  class=\"swap-inner col-xs-12\"> <div  class=\"row full-height-row middle-xs middle-sm\"> <div  class=\"col-xs-12 text-center content-holder\"> <a href=\"#\" target=\"_self\" rel=\"noopener\"><i  class=\"fa icon portfolio-icon fa-search big\" aria-hidden=\"true\"><\/i><\/a><\/div> <\/div><\/div> <\/div><\/div> <div  class=\"col-xs-12 col-sm-3 no-gutter-col\"><div  class=\"contentswap-effect\" data-hover-fx=\"portfolio-4\"> <div  class=\"initial-image\"> <img decoding=\"async\"  data-size=\"542x360\" src=\"http:\/\/vipserv.com.br\/wp-content\/uploads\/2021\/11\/cropped-cropped-Fios-e-Cabos.jpg\"><\/div> <div  class=\"overlay bg-color1\"><\/div> <div  class=\"swap-inner col-xs-12\"> <div  class=\"row full-height-row middle-xs middle-sm\"> <div  class=\"col-xs-12 text-center content-holder\"> <a href=\"#\" target=\"_self\" rel=\"noopener\"><i  class=\"fa icon portfolio-icon fa-search big\" aria-hidden=\"true\"><\/i><\/a><\/div> <\/div><\/div> <\/div><\/div> <div  class=\"col-xs-12 col-sm-3 no-gutter-col\"><div  class=\"contentswap-effect\" data-hover-fx=\"portfolio-4\"> <div  class=\"initial-image\"> <img decoding=\"async\"  data-size=\"542x360\" src=\"http:\/\/vipserv.com.br\/wp-content\/uploads\/2021\/11\/cropped-Torneira.jpg\"><\/div> <div  class=\"overlay bg-color1\"><\/div> <div  class=\"swap-inner col-xs-12\"> <div  class=\"row full-height-row middle-xs middle-sm\"> <div  class=\"col-xs-12 text-center content-holder\"> <a href=\"#\" target=\"_self\" rel=\"noopener\"><i  class=\"fa icon portfolio-icon fa-search big\" aria-hidden=\"true\"><\/i><\/a><\/div> <\/div><\/div> <\/div><\/div> <\/div><\/div> <\/div><div  id=\"counters-2\" style=\"background-color: #f5fafd;\" data-label=\"Counters\" data-id=\"counters-2\" data-export-id=\"counters-2\" data-category=\"counters\" class=\"counters-2 content-section content-section-spacing\"><div  class=\"gridContainer\"> <div  class=\"row text-center\"><div  class=\"section-title-col\" data-type=\"column\"> <h2  class=\"\">Nossos N\u00fameros<\/h2> <p  class=\"lead\">With the Internet spreading linke wildfire and reaching every part of our daily life, more and more traffic is directed to websites in search for information.<\/p><\/div> <\/div> <div  class=\"row\" data-type=\"row\"> <div  class=\"col-xs-12 col-sm-4 text-center space-bottom\"> <i  class=\"fa fa-envira icon color1\"><\/i> <h3  class=\"font-400\" data-min=\"0\" data-max=\"80\" data-duration=\"2000\" data-prefix=\"\" data-suffix=\"+\" data-countup=\"true\" style=\"display: inline-block;\"><\/h3> <h5  class=\"upper color2\">Nossos parceiros<\/h5><\/div> <div  class=\"col-xs-12 col-sm-4 text-center space-bottom\"><i  class=\"fa fa-smile-o icon color1\"><\/i> <h3  class=\"font-400\" data-min=\"10000\" data-max=\"15000\" data-duration=\"2000\" data-prefix=\"\" data-suffix=\"+\" data-countup=\"true\" style=\"display: inline-block;\"><\/h3> <h5  class=\"upper color2\">Nossos produtos<\/h5><\/div> <div  class=\"col-xs-12 col-sm-4 text-center space-bottom\"><i  class=\"fa fa-trophy icon color1\"><\/i> <h3  class=\"font-400\" data-min=\"0\" data-max=\"25\" data-duration=\"2000\" data-prefix=\"\" data-suffix=\"+\" data-countup=\"true\" style=\"display: inline-block;\"><\/h3> <h5  class=\"upper color2\">nossos associados<\/h5><\/div> <\/div><\/div> <\/div><div  id=\"cta-1\" data-label=\"Cta\" data-id=\"cta-blue-section\" data-export-id=\"cta-blue-section\" data-category=\"cta\" class=\"cta-blue-section content-section content-section-spacing-medium bg-color1 white-text\" style=\"background-image: url(&quot;http:\/\/vipserv.com.br\/wp-content\/uploads\/2021\/11\/Imagem-2.jpg&quot;); background-size: cover; background-position: center top;\"><div  class=\"gridContainer\"> <div  class=\"row middle-xs\"><div  class=\"col-sm-8 space-bottom-xs\" data-type=\"column\"> <h2  class=\"\">As Melhores Vantagens para sua Loja<\/h2> <\/div> <div  class=\"col-sm-4 end-sm\" data-type=\"column\"> <a class=\"button color2\" href=\"#\" target=\"_self\" data-cp-link=\"1\" rel=\"noopener\">ASSOCIE-SE AGORA<\/a><\/div> <\/div><\/div> <\/div><div  id=\"team-2\" style=\"background-color: #ffffff;\" data-label=\"Team\" data-id=\"team-2\" data-export-id=\"team-2\" data-category=\"team\" class=\"team-2 content-section content-section-spacing\"><div  class=\"gridContainer\"> <div  class=\"row text-center\"><div  class=\"section-title-col\" data-type=\"column\"> <h2  class=\"\">Nossa Equipe<\/h2> <p  class=\"lead\">There are number of instructions to be followed at the time of refilling an inket cartridge. So whenever your printer ink runs dry you need to follow the below steps for inkjet cartridge refill.<\/p><\/div> <\/div> <div  class=\"row spaced-cols content-center-sm\" data-type=\"row\"> <div  class=\"col-sm-6 col-md-3\"> <div  class=\"card y-move no-padding bordered\"> <img decoding=\"async\"  class=\"face\" src=\"https:\/\/vipserv.com.br\/wp-content\/plugins\/mesmerize-companion\/theme-data\/mesmerize\/sections\/images\/team-1.jpg\"> <div  data-type=\"column\" class=\"col-padding-small col-padding-small-xs description-container\"> <h4  class=\"font-500\">Team Member<\/h4> <p  class=\"small\" style=\"font-style: italic;\">Job Title<\/p> <div  class=\"social-icons-group\" data-type=\"group\"> <a  href=\"#\"><i  class=\"gray fa icon fa-facebook-square small\"><\/i><\/a> <a  href=\"#\"><i  class=\"gray fa icon fa-twitter-square small\"><\/i><\/a> <a  href=\"#\"><i  class=\"gray fa icon fa-linkedin-square small\"><\/i><\/a> <a  href=\"#\"><i  class=\"gray fa icon fa-google-plus-square small\"><\/i><\/a><\/div> <\/div><\/div> <\/div> <div  class=\"col-sm-6 col-md-3\"> <div  class=\"card y-move no-padding bordered\"> <img decoding=\"async\"  class=\"face\" src=\"https:\/\/vipserv.com.br\/wp-content\/plugins\/mesmerize-companion\/theme-data\/mesmerize\/sections\/images\/team-2.jpg\"> <div  data-type=\"column\" class=\"col-padding-small col-padding-small-xs description-container\"> <h4  class=\"font-500\">Team Member<\/h4> <p  class=\"small\" style=\"font-style: italic;\">Job Title<\/p> <div  class=\"social-icons-group\" data-type=\"group\"> <a  href=\"#\"><i  class=\"gray fa icon fa-facebook-square small\"><\/i><\/a> <a  href=\"#\"><i  class=\"gray fa icon fa-twitter-square small\"><\/i><\/a> <a  href=\"#\"><i  class=\"gray fa icon fa-linkedin-square small\"><\/i><\/a> <a  href=\"#\"><i  class=\"gray fa icon fa-google-plus-square small\"><\/i><\/a><\/div> <\/div><\/div> <\/div> <div  class=\"col-sm-6 col-md-3\"> <div  class=\"card y-move no-padding bordered\"> <img decoding=\"async\"  class=\"face\" src=\"https:\/\/vipserv.com.br\/wp-content\/plugins\/mesmerize-companion\/theme-data\/mesmerize\/sections\/images\/team-3.jpg\"> <div  data-type=\"column\" class=\"col-padding-small col-padding-small-xs description-container\"> <h4  class=\"font-500\">Team Member<\/h4> <p  class=\"small\" style=\"font-style: italic;\">Job Title<\/p> <div  class=\"social-icons-group\" data-type=\"group\"> <a  href=\"#\"><i  class=\"gray fa icon fa-facebook-square small\"><\/i><\/a> <a  href=\"#\"><i  class=\"gray fa icon fa-twitter-square small\"><\/i><\/a> <a  href=\"#\"><i  class=\"gray fa icon fa-linkedin-square small\"><\/i><\/a> <a  href=\"#\"><i  class=\"gray fa icon fa-google-plus-square small\"><\/i><\/a><\/div> <\/div><\/div> <\/div> <div  class=\"col-sm-6 col-md-3\"> <div  class=\"card y-move no-padding bordered\"> <img decoding=\"async\"  class=\"face\" src=\"https:\/\/vipserv.com.br\/wp-content\/plugins\/mesmerize-companion\/theme-data\/mesmerize\/sections\/images\/team-2.jpg\"> <div  data-type=\"column\" class=\"col-padding-small col-padding-small-xs description-container\"> <h4  class=\"font-500\">Team Member<\/h4> <p  class=\"small\" style=\"font-style: italic;\">Job Title<\/p> <div  class=\"social-icons-group\" data-type=\"group\"> <a  href=\"#\"><i  class=\"gray fa icon fa-facebook-square small\"><\/i><\/a> <a  href=\"#\"><i  class=\"gray fa icon fa-twitter-square small\"><\/i><\/a> <a  href=\"#\"><i  class=\"gray fa icon fa-linkedin-square small\"><\/i><\/a> <a  href=\"#\"><i  class=\"gray fa icon fa-google-plus-square small\"><\/i><\/a><\/div> <\/div><\/div> <\/div>    <\/div> <\/div><\/div><div  id=\"latest-news-1\" style=\"background-color: #f5fafd;\" data-label=\"Latest-news\" data-id=\"blog-section\" data-export-id=\"blog-section\" data-category=\"latest_news\" class=\"blog-section blog-section-standard content-section content-section-spacing\"><div  class=\"gridContainer\"> <div  class=\"row\"><div  data-type=\"column\" class=\"section-title-col\"> <h2  class=\"\">\u00daltimas Not\u00edcias<\/h2> <p  class=\"lead\">Lorem ipsum dolor sit amet, consectetur adipisicing elit, sed do eiusmod tempor incididunt ut labore et dolore magna aliqua. Ut enim ad minim veniam, quis nostrud exercitation ullamco laboris nisi ut aliquip ex ea commodo consequat.<\/p><\/div> <\/div> <div  class=\"row\"> <div  data-type=\"row\" data-dynamic-columns=\"handled\" data-content-shortcode=\"mesmerize_latest_news\">        <div class=\"row center-sm content-left-sm\">\n                    <div id=\"post-1\" class=\"col-sm-6 col-md-4 space-bottom space-bottom-xs\">\n                <div class=\"post-content card y-move bordered\">\n                    <div class=\"post-thumbnail\">\n   <a href=\"https:\/\/vipserv.com.br\/?p=1\" class=\"post-list-item-thumb \">\n      \n            <svg class=\"mesmerize-post-list-item-thumb-placeholder\" width=\"890\" height=\"580\" viewBox=\"0 0 890 580\"\n         preserveAspectRatio=\"none\">\n         <rect width=\"890\" height=\"580\" style=\"fill:#03a9f4;\"><\/rect>\n      <\/svg>\n               <\/a>\n<\/div>\n                    <div class=\"col-padding col-padding-xs\">\n                        <h3 class=\"post-title space-bottom-small\">\n                            <a href=\"https:\/\/vipserv.com.br\/?p=1\" rel=\"bookmark\">\n                                Ol\u00e1, mundo!                            <\/a>\n                        <\/h3>\n                        <p>Boas-vindas ao WordPress. Esse \u00e9 o seu primeiro post. Edite-o ou exclua-o, e ent\u00e3o comece a escrever!<\/p>\n                        <a class=\"read-more link\" href=\"https:\/\/vipserv.com.br\/?p=1\">\n                            Read more                        <\/a>\n                    <\/div>\n                <\/div>\n            <\/div>\n            <\/div>\n    <\/div><\/div> <div  class=\"row\"><div  class=\"text-center\"> <a  class=\"button color1\" data-attr-shortcode=\"href:mesmerize_blog_link\" href=\"https:\/\/vipserv.com.br\/?page_id=8\">VEJA TODOS OS POSTS<\/a><\/div> <\/div><\/div><\/div><div  id=\"contact-1\" data-label=\"Contact\" data-id=\"contact-1\" data-export-id=\"contact-1\" data-category=\"contact\" class=\"contact-1 content-section content-section-spacing white-text\" data-parallax-depth=\"20\" style=\"background-image: url(&quot;http:\/\/vipserv.com.br\/wp-content\/uploads\/2021\/11\/Imagem-1.jpg&quot;); background-size: cover; background-position: center top;\"><div  class=\"gridContainer\"> <div  class=\"row text-center\"><div  class=\"section-title-col\" data-type=\"column\"> <h2  class=\"\">ASSOCIE-SE AGORA<\/h2> <p  class=\"lead\">SOLICITE UMA VISITA E SAIBA MAIS SOBRE NOSSOS DIFERENCIAIS EM ASSOCIAR-SE \u00c0 MELHOR REDE DE MATERIAIS DE CONSTRU\u00c7\u00d5ES EM BENEF\u00cdCIOS DO RIO DE JANEIRO<\/p><\/div> <\/div> <div  class=\"row text-center\"> <div  class=\"col-xs-12 col-sm-8 col-sm-offset-2 contact-form-wrapper inline-info\"> <div  class=\"card large-padding\"> <div  class=\"\" data-content-shortcode=\"mesmerize_contact_form\" data-editable=\"true\"><p style=\"text-align:center;color:#ababab\">Contact form will be displayed here. To activate it you have to set the \"contact form shortcode\" parameter in Customizer.<\/p><\/div><\/div> <\/div><\/div> <\/div><\/div>","protected":false},"excerpt":{"rendered":"<p>Empresas Parceiras Empresas onde nossos associados ter\u00e3o descontos especiais, formas de pagamento diferenciada e an\u00e1lise de credito pr\u00e9 liberada, al\u00e9m de uma tabela totalmente especial. FullCabos \u2013 Condutores El\u00e9tricos Cabos para toda obra. Saiba mais.. Responsive Design Pensou em facilidade, pensou Sanifix, solu\u00e7\u00f5es inivadoras para sua obra. Portas Sanfonadas, solu\u00e7\u00f5es hidr\u00e1ulicas, forros em PVC, tudo&hellip; <br \/> <a class=\"read-more\" href=\"https:\/\/vipserv.com.br\/?p=1\">Leia mais<\/a><\/p>\n","protected":false},"author":1,"featured_media":0,"parent":0,"menu_order":0,"comment_status":"closed","ping_status":"closed","template":"page-templates\/homepage.php","meta":{"footnotes":""},"class_list":["post-48","page","type-page","status-publish","hentry"],"_links":{"self":[{"href":"https:\/\/vipserv.com.br\/index.php?rest_route=\/wp\/v2\/pages\/48","targetHints":{"allow":["GET"]}}],"collection":[{"href":"https:\/\/vipserv.com.br\/index.php?rest_route=\/wp\/v2\/pages"}],"about":[{"href":"https:\/\/vipserv.com.br\/index.php?rest_route=\/wp\/v2\/types\/page"}],"author":[{"embeddable":true,"href":"https:\/\/vipserv.com.br\/index.php?rest_route=\/wp\/v2\/users\/1"}],"replies":[{"embeddable":true,"href":"https:\/\/vipserv.com.br\/index.php?rest_route=%2Fwp%2Fv2%2Fcomments&post=48"}],"version-history":[{"count":15,"href":"https:\/\/vipserv.com.br\/index.php?rest_route=\/wp\/v2\/pages\/48\/revisions"}],"predecessor-version":[{"id":128,"href":"https:\/\/vipserv.com.br\/index.php?rest_route=\/wp\/v2\/pages\/48\/revisions\/128"}],"wp:attachment":[{"href":"https:\/\/vipserv.com.br\/index.php?rest_route=%2Fwp%2Fv2%2Fmedia&parent=48"}],"curies":[{"name":"wp","href":"https:\/\/api.w.org\/{rel}","templated":true}]}}